{"id":1819,"date":"2019-10-30T14:51:12","date_gmt":"2019-10-30T14:51:12","guid":{"rendered":"http:\/\/thegov.wgl-demo.net\/events\/"},"modified":"2025-11-14T18:23:16","modified_gmt":"2025-11-14T18:23:16","slug":"events2","status":"publish","type":"page","link":"https:\/\/www.uihs.ca\/vi\/events2\/","title":{"rendered":"S\u1ef1 ki\u1ec7n"},"content":{"rendered":"<div class=\"em em-view-container\" id=\"em-view-1548768377\" data-view=\"event\">\r\n\t<div class=\"em wgl_themes em-item em-item-single em-event em-event-single em-event-88\" id=\"em-event-1548768377\" data-view-id=\"1548768377\">\r\n\t\t\t<\/div>\r\n<\/div>","protected":false},"excerpt":{"rendered":"<p>Th\u00e1ng 5 30, 2025 @ 12:00 s\u00e1ng &#8211; Events Th\u00e1ng 2 13, 2026 February Festival Read More Th\u00e1ng 1 30, 2026 February Orientation Read More Th\u00e1ng 12 5, 2025 Winter Festival Read More Th\u00e1ng m\u01b0\u1eddi m\u1ed9t 10, 2025 November Orientation Read More Th\u00e1ng 9 24, 2025 2025 University Fair Read More Th\u00e1ng 8 27, 2025 September Orientation Read More Th\u00e1ng 8 15, 2025 [&#8230;]<\/p>\n","protected":false},"author":1,"featured_media":0,"parent":0,"menu_order":0,"comment_status":"closed","ping_status":"open","template":"","meta":{"_monsterinsights_skip_tracking":false,"_monsterinsights_sitenote_active":false,"_monsterinsights_sitenote_note":"","_monsterinsights_sitenote_category":0,"footnotes":""},"class_list":["post-1819","page","type-page","status-publish","hentry"],"_links":{"self":[{"href":"https:\/\/www.uihs.ca\/vi\/wp-json\/wp\/v2\/pages\/1819","targetHints":{"allow":["GET"]}}],"collection":[{"href":"https:\/\/www.uihs.ca\/vi\/wp-json\/wp\/v2\/pages"}],"about":[{"href":"https:\/\/www.uihs.ca\/vi\/wp-json\/wp\/v2\/types\/page"}],"author":[{"embeddable":true,"href":"https:\/\/www.uihs.ca\/vi\/wp-json\/wp\/v2\/users\/1"}],"replies":[{"embeddable":true,"href":"https:\/\/www.uihs.ca\/vi\/wp-json\/wp\/v2\/comments?post=1819"}],"version-history":[{"count":7,"href":"https:\/\/www.uihs.ca\/vi\/wp-json\/wp\/v2\/pages\/1819\/revisions"}],"predecessor-version":[{"id":35550,"href":"https:\/\/www.uihs.ca\/vi\/wp-json\/wp\/v2\/pages\/1819\/revisions\/35550"}],"wp:attachment":[{"href":"https:\/\/www.uihs.ca\/vi\/wp-json\/wp\/v2\/media?parent=1819"}],"curies":[{"name":"wp","href":"https:\/\/api.w.org\/{rel}","templated":true}]}}